{"id":1674,"date":"2017-05-05T10:50:45","date_gmt":"2017-05-05T10:50:45","guid":{"rendered":"http:\/\/export-1.test-tangibledesign.net\/?page_id=1674"},"modified":"2024-05-28T22:06:58","modified_gmt":"2024-05-28T22:06:58","slug":"contact","status":"publish","type":"page","link":"https:\/\/fbienesraices.com\/en\/contact\/","title":{"rendered":"Contacto"},"content":{"rendered":"<div data-vc-full-width=\"true\" data-vc-full-width-init=\"false\" class=\"vc_row wpb_row vc_row-fluid vc_custom_1494337711020 vc_row-o-equal-height vc_row-flex\"><div class=\"wpb_column vc_column_container vc_col-sm-4\"><div class=\"vc_column-inner vc_custom_1494336662073\"><div class=\"wpb_wrapper\"><div class=\"mh-heading-wrapper--left\">\r\n\t\r\n        <div class=\"mh-heading-wrapper\">\r\n            <h2            class=\"mh-heading  mh-heading--bottom-separator\"\r\n            style=\"font-weight:700;\">\r\n\t\t\tEscribenos        <\/h2>\r\n\r\n\t\t    <\/div>\r\n\r\n\t<\/div><div role=\"form\" class=\"wpcf7\" id=\"wpcf7-f1676-o1\" lang=\"en-US\" dir=\"ltr\">\n<div class=\"screen-reader-response\"><\/div>\n<form action=\"\/en\/wp-json\/wp\/v2\/pages\/1674#wpcf7-f1676-o1\" method=\"post\" class=\"wpcf7-form\" novalidate=\"novalidate\" data-trp-original-action=\"\/en\/wp-json\/wp\/v2\/pages\/1674#wpcf7-f1676-o1\">\n<div style=\"display: none;\">\n<input type=\"hidden\" name=\"_wpcf7\" value=\"1676\" \/>\n<input type=\"hidden\" name=\"_wpcf7_version\" value=\"5.1.1\" \/>\n<input type=\"hidden\" name=\"_wpcf7_locale\" value=\"en_US\" \/>\n<input type=\"hidden\" name=\"_wpcf7_unit_tag\" value=\"wpcf7-f1676-o1\" \/>\n<input type=\"hidden\" name=\"_wpcf7_container_post\" value=\"0\" \/>\n<input type=\"hidden\" name=\"g-recaptcha-response\" value=\"\" \/>\n<\/div>\n<p><label><span class=\"wpcf7-form-control-wrap your-name\"><input type=\"text\" name=\"your-name\" value=\"\" size=\"40\" class=\"wpcf7-form-control wpcf7-text wpcf7-validates-as-required\" aria-required=\"true\" aria-invalid=\"false\" placeholder=\"Tu Nombre*\" \/><\/span><\/label><label><span class=\"wpcf7-form-control-wrap your-email\"><input type=\"email\" name=\"your-email\" value=\"\" size=\"40\" class=\"wpcf7-form-control wpcf7-text wpcf7-email wpcf7-validates-as-required wpcf7-validates-as-email\" aria-required=\"true\" aria-invalid=\"false\" placeholder=\"Tu Correo*\" \/><\/span><\/label><label><span class=\"wpcf7-form-control-wrap your-subject\"><input type=\"text\" name=\"your-subject\" value=\"\" size=\"40\" class=\"wpcf7-form-control wpcf7-text\" aria-invalid=\"false\" placeholder=\"Asunto\" \/><\/span> <\/label><label><span class=\"wpcf7-form-control-wrap your-message\"><textarea name=\"your-message\" cols=\"40\" rows=\"10\" class=\"wpcf7-form-control wpcf7-textarea\" aria-invalid=\"false\" placeholder=\"Tu Mensaje :)\"><\/textarea><\/span> <\/label><input type=\"submit\" value=\"Enviar!\" class=\"wpcf7-form-control wpcf7-submit\" \/><\/p>\n<div class=\"wpcf7-response-output wpcf7-display-none\"><\/div><input type=\"hidden\" name=\"trp-form-language\" value=\"en\"\/><\/form><\/div><\/div><\/div><\/div><div class=\"wpb_column vc_column_container vc_col-sm-4 vc_col-has-fill\"><div class=\"vc_column-inner vc_custom_1494336828259\"><div class=\"wpb_wrapper\">\n\t<div  class=\"wpb_single_image wpb_content_element vc_align_center\">\n\t\t\n\t\t<figure class=\"wpb_wrapper vc_figure\">\n\t\t\t<div class=\"vc_single_image-wrapper   vc_box_border_grey\"><img width=\"1000\" height=\"666\" src=\"https:\/\/fbienesraices.com\/wp-content\/uploads\/2024\/05\/ferras.png\" class=\"vc_single_image-img attachment-large\" alt=\"\" decoding=\"async\" loading=\"lazy\" srcset=\"https:\/\/fbienesraices.com\/wp-content\/uploads\/2024\/05\/ferras.png 1000w, https:\/\/fbienesraices.com\/wp-content\/uploads\/2024\/05\/ferras-300x200.png 300w, https:\/\/fbienesraices.com\/wp-content\/uploads\/2024\/05\/ferras-768x511.png 768w, https:\/\/fbienesraices.com\/wp-content\/uploads\/2024\/05\/ferras-18x12.png 18w\" sizes=\"(max-width: 1000px) 100vw, 1000px\" \/><\/div>\n\t\t<\/figure>\n\t<\/div>\n\n\t<div class=\"wpb_text_column wpb_content_element\" >\n\t\t<div class=\"wpb_wrapper\">\n\t\t\t<p style=\"text-align: center;\">Contacto<\/p>\n<p>Puedes Contactarme<\/p>\n<p><strong>Email:<\/strong> e.ferrales@fbienesraices.com<br \/>\n<strong>Phone:<\/strong> (614) 594-4111<br \/>\n<strong>Address:<\/strong> Av de la Cantera 9301-109, Chihuahua, Mexico, 31115<\/p>\n<p>Cualquier duda o informaci\u00f3n que necesites con gusto te atendemos.<\/p>\n\n\t\t<\/div>\n\t<\/div>\n<\/div><\/div><\/div><div class=\"wpb_column vc_column_container vc_col-sm-4 vc_col-has-fill\"><div class=\"vc_column-inner vc_custom_1494336835635\"><div class=\"wpb_wrapper\">\n\t<div  class=\"wpb_single_image wpb_content_element vc_align_left\">\n\t\t\n\t\t<figure class=\"wpb_wrapper vc_figure\">\n\t\t\t<div class=\"vc_single_image-wrapper   vc_box_border_grey\"><img class=\"vc_single_image-img\" src=\"https:\/\/fbienesraices.com\/wp-content\/uploads\/2024\/05\/444153158_961673522630388_3861350686936543691_n-500x500.jpg\" width=\"500\" height=\"500\" alt=\"444153158_961673522630388_3861350686936543691_n\" title=\"444153158_961673522630388_3861350686936543691_n\" \/><\/div>\n\t\t<\/figure>\n\t<\/div>\n\n\t<div class=\"wpb_text_column wpb_content_element\" >\n\t\t<div class=\"wpb_wrapper\">\n\t\t\t<p>Horarios de Atenci\u00f3n:<\/p>\n<p><strong>Lunes-Viernes:<\/strong> 09:00 a.m. to 18:00 p.m.<br \/>\n<strong>S\u00e1bado:<\/strong> 10:00 a.m. to 13:00 p.m.<br \/>\n<strong>Domingo:<\/strong>\u00a0Cerrado<\/p>\n\n\t\t<\/div>\n\t<\/div>\n<\/div><\/div><\/div><\/div><div class=\"vc_row-full-width vc_clearfix\"><\/div><div class=\"vc_row wpb_row vc_row-fluid\"><div class=\"wpb_column vc_column_container vc_col-sm-12\"><div class=\"vc_column-inner\"><div class=\"wpb_wrapper\"><div class=\"vc_separator wpb_content_element vc_separator_align_center vc_sep_width_100 vc_sep_pos_align_center vc_separator_no_text vc_sep_color_grey\" ><span class=\"vc_sep_holder vc_sep_holder_l\"><span  class=\"vc_sep_line\"><\/span><\/span><span class=\"vc_sep_holder vc_sep_holder_r\"><span  class=\"vc_sep_line\"><\/span><\/span>\n<\/div><\/div><\/div><\/div><\/div><div class=\"vc_row wpb_row vc_row-fluid\"><div class=\"wpb_column vc_column_container vc_col-sm-12\"><div class=\"vc_column-inner\"><div class=\"wpb_wrapper\"><div class=\"wpb_gmaps_widget wpb_content_element\" >\n\t\t<div class=\"wpb_wrapper\">\n\t\t<div class=\"wpb_map_wraper\">\n\t\t\t<iframe src=\"https:\/\/www.google.com\/maps\/embed?pb=!1m18!1m12!1m3!1d3501.372420568423!2d-106.14260258816032!3d28.648565575554446!2m3!1f0!2f0!3f0!3m2!1i1024!2i768!4f13.1!3m3!1m2!1s0x86ea4295dc33a6fb%3A0xa13f529c99ca6824!2sAv.%20de%20la%20Cantera%209301-109%2C%20La%20Haciendita%2C%2031115%20Chihuahua%2C%20Chih.!5e0!3m2!1ses-419!2smx!4v1716933955394!5m2!1ses-419!2smx\" width=\"600\" height=\"450\" style=\"border:0;\" allowfullscreen=\"\" loading=\"lazy\" referrerpolicy=\"no-referrer-when-downgrade\"><\/iframe>\t\t<\/div>\n\t<\/div>\n<\/div>\n<\/div><\/div><\/div><\/div>","protected":false},"excerpt":{"rendered":"Escribenos Contacto Puedes Contactarme Email: e.ferrales@fbienesraices.com Phone: (614) 594-4111 Address: Av de la Cantera 9301-109, Chihuahua, Mexico, 31115 Cualquier duda o informaci\u00f3n que necesites con gusto te atendemos. Horarios de Atenci\u00f3n: Lunes-Viernes: 09:00 a.m. to 18:00 p.m. S\u00e1bado: 10:00 a.m. to 13:00 p.m. Domingo:\u00a0Cerrado","protected":false},"author":1,"featured_media":0,"parent":0,"menu_order":0,"comment_status":"closed","ping_status":"closed","template":"page_full-width-with-top-title.php","meta":{"om_disable_all_campaigns":false,"_monsterinsights_skip_tracking":false,"_monsterinsights_sitenote_active":false,"_monsterinsights_sitenote_note":"","_monsterinsights_sitenote_category":0,"_joinchat":[]},"aioseo_notices":[],"_links":{"self":[{"href":"https:\/\/fbienesraices.com\/en\/wp-json\/wp\/v2\/pages\/1674"}],"collection":[{"href":"https:\/\/fbienesraices.com\/en\/wp-json\/wp\/v2\/pages"}],"about":[{"href":"https:\/\/fbienesraices.com\/en\/wp-json\/wp\/v2\/types\/page"}],"author":[{"embeddable":true,"href":"https:\/\/fbienesraices.com\/en\/wp-json\/wp\/v2\/users\/1"}],"replies":[{"embeddable":true,"href":"https:\/\/fbienesraices.com\/en\/wp-json\/wp\/v2\/comments?post=1674"}],"version-history":[{"count":11,"href":"https:\/\/fbienesraices.com\/en\/wp-json\/wp\/v2\/pages\/1674\/revisions"}],"predecessor-version":[{"id":3355,"href":"https:\/\/fbienesraices.com\/en\/wp-json\/wp\/v2\/pages\/1674\/revisions\/3355"}],"wp:attachment":[{"href":"https:\/\/fbienesraices.com\/en\/wp-json\/wp\/v2\/media?parent=1674"}],"curies":[{"name":"wp","href":"https:\/\/api.w.org\/{rel}","templated":true}]}}